{"id":10635,"date":"2023-03-13T10:33:45","date_gmt":"2023-03-13T09:33:45","guid":{"rendered":"https:\/\/flexim.eu\/product\/flexim-lille-emballage\/"},"modified":"2025-02-24T15:14:14","modified_gmt":"2025-02-24T14:14:14","slug":"flexim-lillepakke","status":"publish","type":"product","link":"https:\/\/flexim.eu\/da\/product\/flexim-lillepakke\/","title":{"rendered":"Flexim lille pakke"},"content":{"rendered":"<p>Lille vedligeholdelsesopgave? Dette er den perfekte DIY-emballage!<\/p>\n<h2>Hvorfor v\u00e6lge Flexim Rygningskit?<\/h2>\n<p>Flexim Rygningskit er den professionelle l\u00f8sning til solid og holdbar fastg\u00f8relse af rygningssten og tagsten. Takket v\u00e6re de f\u00e6rdiglavede strimler er p\u00e5f\u00f8ringen hurtig og nem, uden besv\u00e6r med blanding eller h\u00e6rdning. Flexim er fleksibel og vand- samt frostbestandig, hvilket g\u00f8r det modstandsdygtigt over for alle vejrforhold.<\/p>\n<h3>Emballage &amp; Forbrug<\/h3>\n<p><strong>Indhold:<\/strong> 5 stimler (10 cm x 50 cm x 3,5 cm)<br \/>\n<strong>V\u00e6gt:<\/strong> ca. 4,5 kg<br \/>\n<strong>Forbrug:<\/strong> ca. 1,50 \u2013 2,50 meter (afh\u00e6ngigt af typen af tagsten)<br \/>\n<strong>Holdbarhed:<\/strong> 2 \u00e5r<\/p>\n<p>Bestil nu <strong>Flexim Lillepakke<\/strong> og s\u00f8rg for en holdbar, vedligeholdelsesfri tagt\u00e6tning!<\/p>\n","protected":false},"excerpt":{"rendered":"<p><strong>\u20ac57,05 inkl. moms<\/strong><\/p>\n<p><strong>Den perfekte l\u00f8sning til en solid fastg\u00f8relse af rygningsstenene!<\/strong><\/p>\n<ul>\n<li><strong>Klar til brug <\/strong>\u2013 Ingen blanding n\u00f8dvendig<\/li>\n<li><strong>Holdbar &amp; fleksibel<\/strong> \u2013 Modstandsdygtig over for temperaturforandringer<\/li>\n<li><strong>Velegnet til alle vejrforhold<\/strong> \u2013 Vand- og frostbestandig for lang holdbarhed<\/li>\n<li><strong>Nem at arbejde med<\/strong> \u2013 Inkluderer 4 latexhandsker<\/li>\n<\/ul>\n","protected":false},"featured_media":10522,"comment_status":"closed","ping_status":"closed","template":"","meta":[],"product_brand":[],"product_cat":[111],"product_tag":[],"class_list":{"0":"post-10635","1":"product","2":"type-product","3":"status-publish","4":"has-post-thumbnail","6":"product_cat-ingen-kategori","8":"first","9":"instock","10":"taxable","11":"shipping-taxable","12":"purchasable","13":"product-type-variable","14":"has-default-attributes"},"_links":{"self":[{"href":"https:\/\/flexim.eu\/da\/wp-json\/wp\/v2\/product\/10635","targetHints":{"allow":["GET"]}}],"collection":[{"href":"https:\/\/flexim.eu\/da\/wp-json\/wp\/v2\/product"}],"about":[{"href":"https:\/\/flexim.eu\/da\/wp-json\/wp\/v2\/types\/product"}],"replies":[{"embeddable":true,"href":"https:\/\/flexim.eu\/da\/wp-json\/wp\/v2\/comments?post=10635"}],"wp:featuredmedia":[{"embeddable":true,"href":"https:\/\/flexim.eu\/da\/wp-json\/wp\/v2\/media\/10522"}],"wp:attachment":[{"href":"https:\/\/flexim.eu\/da\/wp-json\/wp\/v2\/media?parent=10635"}],"wp:term":[{"taxonomy":"product_brand","embeddable":true,"href":"https:\/\/flexim.eu\/da\/wp-json\/wp\/v2\/product_brand?post=10635"},{"taxonomy":"product_cat","embeddable":true,"href":"https:\/\/flexim.eu\/da\/wp-json\/wp\/v2\/product_cat?post=10635"},{"taxonomy":"product_tag","embeddable":true,"href":"https:\/\/flexim.eu\/da\/wp-json\/wp\/v2\/product_tag?post=10635"}],"curies":[{"name":"wp","href":"https:\/\/api.w.org\/{rel}","templated":true}]}}