{"id":10719,"date":"2023-03-10T14:19:02","date_gmt":"2023-03-10T13:19:02","guid":{"rendered":"https:\/\/flexim.eu\/product\/re-fix-repair-paste\/"},"modified":"2025-03-25T12:01:51","modified_gmt":"2025-03-25T11:01:51","slug":"re-fix-reperationspasta","status":"publish","type":"product","link":"https:\/\/flexim.eu\/da\/product\/re-fix-reperationspasta\/","title":{"rendered":"Re-fix Reperationspasta"},"content":{"rendered":"<h2>Hvorfor v\u00e6lge Re-Fix Reparationspasta?<\/h2>\n<p>Har du sm\u00e5 revner, spr\u00e6kker eller huller p\u00e5 dit tag? <strong>Re-Fix Reparationspasta<\/strong> fra Flexim er l\u00f8sningen til hurtige og holdbare tagreparationer.  Denne &#8216;spr\u00f8jtbare&#8217; Flexim er yderst velegnet til at udf\u00f8re en reparation hurtigt og effektivt. Ideel til at fylde spr\u00e6kker ved rygning, tagsten og andre tagkomponenter!<\/p>\n<h3>Emballage &amp; Holdbarhed<\/h3>\n<p><strong>Indhold:<\/strong> ca. 300 gr. (250ML)<br \/>\n<strong>Holdbarhed:<\/strong> 2 \u00e5r<\/p>\n<p>Bestil nu <strong>Re-Fix Reparationspasta<\/strong> og l\u00f8s sm\u00e5 tagproblemer med det samme!<\/p>\n","protected":false},"excerpt":{"rendered":"<p><strong>\u20ac 10,65 inkl. moms<\/strong><\/p>\n<p><strong>L\u00f8sningen til hurtige og enkle tagreparationer!<\/strong><\/p>\n<ul>\n<li><strong>Klar til brug <\/strong>\u2013 Ingen blanding n\u00f8dvendig<\/li>\n<li><strong>Holdbar og fleksibel <\/strong>\u2013 Afhj\u00e6lper revner og yderligere skader<\/li>\n<li><strong>Vejrbestandig<\/strong> \u2013 Modstandsdygtig overfor regn, vind og frost<\/li>\n<li><strong>Spr\u00f8jteformel<\/strong> \u2013 Let at p\u00e5f\u00f8re og pr\u00e6cis<\/li>\n<\/ul>\n","protected":false},"featured_media":13185,"comment_status":"closed","ping_status":"closed","template":"","meta":[],"product_brand":[],"product_cat":[111],"product_tag":[],"class_list":{"0":"post-10719","1":"product","2":"type-product","3":"status-publish","4":"has-post-thumbnail","6":"product_cat-ingen-kategori","8":"first","9":"instock","10":"taxable","11":"shipping-taxable","12":"purchasable","13":"product-type-variable","14":"has-default-attributes"},"_links":{"self":[{"href":"https:\/\/flexim.eu\/da\/wp-json\/wp\/v2\/product\/10719","targetHints":{"allow":["GET"]}}],"collection":[{"href":"https:\/\/flexim.eu\/da\/wp-json\/wp\/v2\/product"}],"about":[{"href":"https:\/\/flexim.eu\/da\/wp-json\/wp\/v2\/types\/product"}],"replies":[{"embeddable":true,"href":"https:\/\/flexim.eu\/da\/wp-json\/wp\/v2\/comments?post=10719"}],"wp:featuredmedia":[{"embeddable":true,"href":"https:\/\/flexim.eu\/da\/wp-json\/wp\/v2\/media\/13185"}],"wp:attachment":[{"href":"https:\/\/flexim.eu\/da\/wp-json\/wp\/v2\/media?parent=10719"}],"wp:term":[{"taxonomy":"product_brand","embeddable":true,"href":"https:\/\/flexim.eu\/da\/wp-json\/wp\/v2\/product_brand?post=10719"},{"taxonomy":"product_cat","embeddable":true,"href":"https:\/\/flexim.eu\/da\/wp-json\/wp\/v2\/product_cat?post=10719"},{"taxonomy":"product_tag","embeddable":true,"href":"https:\/\/flexim.eu\/da\/wp-json\/wp\/v2\/product_tag?post=10719"}],"curies":[{"name":"wp","href":"https:\/\/api.w.org\/{rel}","templated":true}]}}