{"id":11917,"date":"2023-03-10T16:00:13","date_gmt":"2023-03-10T15:00:13","guid":{"rendered":"https:\/\/flexim.eu\/datenschutzerklaerung\/"},"modified":"2023-05-25T10:48:25","modified_gmt":"2023-05-25T08:48:25","slug":"datenschutzerklaerung","status":"publish","type":"page","link":"https:\/\/flexim.eu\/de\/datenschutzerklaerung\/","title":{"rendered":"Datenschutzerkl\u00e4rung"},"content":{"rendered":"\t\t<div data-elementor-type=\"wp-page\" data-elementor-id=\"11917\" class=\"elementor elementor-11917 elementor-372\" data-elementor-post-type=\"page\">\n\t\t\t\t<div class=\"elementor-element elementor-element-8ea6ac8 e-con-full e-flex e-con e-parent\" data-id=\"8ea6ac8\" data-element_type=\"container\" data-e-type=\"container\" data-settings=\"{&quot;background_background&quot;:&quot;gradient&quot;}\">\n\t\t<div class=\"elementor-element elementor-element-c04b33d e-con-full e-flex e-con e-parent\" data-id=\"c04b33d\" data-element_type=\"container\" data-e-type=\"container\" data-settings=\"{&quot;background_background&quot;:&quot;classic&quot;}\">\n\t\t\t\t<div class=\"elementor-element elementor-element-590e362 elementor-invisible elementor-widget elementor-widget-heading\" data-id=\"590e362\" data-element_type=\"widget\" data-e-type=\"widget\" data-settings=\"{&quot;_animation&quot;:&quot;BlubfadeInRight&quot;}\" data-widget_type=\"heading.default\">\n\t\t\t\t<div class=\"elementor-widget-container\">\n\t\t\t\t\t<span class=\"elementor-heading-title elementor-size-default\">Flexim International BV<\/span>\t\t\t\t<\/div>\n\t\t\t\t<\/div>\n\t\t\t\t<div class=\"elementor-element elementor-element-a25db87 elementor-invisible elementor-widget elementor-widget-heading\" data-id=\"a25db87\" data-element_type=\"widget\" data-e-type=\"widget\" data-settings=\"{&quot;_animation&quot;:&quot;BlubfadeInRight&quot;}\" data-widget_type=\"heading.default\">\n\t\t\t\t<div class=\"elementor-widget-container\">\n\t\t\t\t\t<h1 class=\"elementor-heading-title elementor-size-default\">Datenschutzerkl\u00e4rung<\/h1>\t\t\t\t<\/div>\n\t\t\t\t<\/div>\n\t\t\t\t<\/div>\n\t\t<div class=\"elementor-element elementor-element-060f0df e-con-full e-flex e-con e-parent\" data-id=\"060f0df\" data-element_type=\"container\" data-e-type=\"container\" data-settings=\"{&quot;background_background&quot;:&quot;classic&quot;}\">\n\t\t\t\t<div class=\"elementor-element elementor-element-af73601 elementor-widget elementor-widget-spacer\" data-id=\"af73601\" data-element_type=\"widget\" data-e-type=\"widget\" data-widget_type=\"spacer.default\">\n\t\t\t\t<div class=\"elementor-widget-container\">\n\t\t\t\t\t\t\t<div class=\"elementor-spacer\">\n\t\t\t<div class=\"elementor-spacer-inner\"><\/div>\n\t\t<\/div>\n\t\t\t\t\t\t<\/div>\n\t\t\t\t<\/div>\n\t\t\t\t<\/div>\n\t\t\t\t<\/div>\n\t\t<div class=\"elementor-element elementor-element-abd4d30 e-flex e-con-boxed e-con e-parent\" data-id=\"abd4d30\" data-element_type=\"container\" data-e-type=\"container\" data-settings=\"{&quot;background_background&quot;:&quot;classic&quot;}\">\n\t\t\t\t\t<div class=\"e-con-inner\">\n\t\t\t\t<div class=\"elementor-element elementor-element-3b825d9 elementor-widget elementor-widget-text-editor\" data-id=\"3b825d9\" data-element_type=\"widget\" data-e-type=\"widget\" data-widget_type=\"text-editor.default\">\n\t\t\t\t<div class=\"elementor-widget-container\">\n\t\t\t\t\t\t\t\t\t<p><strong>Datenschutzerkl\u00e4rung Flexim International B.V.<\/strong><\/p>\n<p>In dieser Datenschutzerkl\u00e4rung erl\u00e4utert Flexim International B.V., mit Sitz in (1704 SK) Heerhugowaard, Buys Ballotstraat 4 mit der Handelskammernummer: 37051639 (im Folgenden &#8220;Flexim&#8221;), welche personenbezogenen Daten Flexim sammelt und verarbeitet, zu welchen Zwecken diese Daten verarbeitet werden und wie seine Cookie-Richtlinie aussieht.<\/p>\n<p><strong>Allgemein<\/strong><\/p>\n<p>Flexim respektiert die Privatsph\u00e4re aller Besucher seiner <a href=\"https:\/\/www.flexim.eu\/\">Website https:\/\/www.flexim.eu, seiner<\/a> (potenziellen) Kunden und (potenziellen) Beziehungen. Flexim geht daher sorgsam mit Ihren personenbezogenen Daten um. Diese Daten werden nicht verkauft, gehandelt oder an Parteien weitergegeben, die nicht mit den Dienstleistungen von flexim in Verbindung stehen. In jedem Fall h\u00e4lt sich Flexim an die Anforderungen der in den Niederlanden geltenden Datenschutzgesetze.<\/p>\n<p><strong>Verarbeitung personenbezogener Daten<\/strong><\/p>\n<p>Im Rahmen der Dienste von Flexim oder wenn Sie anderweitig mit Flexim in Kontakt treten (z.B. per E-Mail, \u00fcber das Kontaktformular oder \u00fcber den Live-Chat auf der Flexim-Website), speichert Flexim die von Ihnen angegebenen Daten.<\/p>\n<p>Sie k\u00f6nnen die Website von flexim jederzeit anonym einsehen, d.h. ohne personenbezogene Daten an flexim weiterzugeben.<\/p>\n<p><strong>Zwecke der Verarbeitung<\/strong><\/p>\n<p>Flexim verwendet Ihre Daten f\u00fcr die optimale Ausf\u00fchrung seiner Dienstleistungen, einschlie\u00dflich der Durchf\u00fchrung von Aktivit\u00e4ten zur Erweiterung seines Kundenstamms und zu Marketingzwecken. Ihre Daten werden beispielsweise verwendet, um Ihre Bestellung zu liefern, Rechnungen zu erstellen und zu versenden, um Sie \u00fcber den (Fortschritt der) Bestellung auf dem Laufenden zu halten, zum Nutzen Ihres Kontos, damit Sie Ihre Daten nicht jedes Mal eingeben m\u00fcssen, und zum Zweck des Versands von Newslettern.<br \/>Ihre Daten werden nur f\u00fcr die Zwecke verwendet, f\u00fcr die Sie die Daten zur Verf\u00fcgung gestellt haben. Grunds\u00e4tzlich werden Ihre Daten ohne Ihre ausdr\u00fcckliche Einwilligung nicht an Dritte weitergegeben. Dies geschieht nur, wenn dies im Rahmen der Ausf\u00fchrung des Vertrags mit Flexim erforderlich oder gesetzlich vorgeschrieben ist.<\/p>\n<p><strong>Aufbewahrungszeitraum<\/strong><\/p>\n<p>Ihre personenbezogenen Daten werden so lange aufbewahrt, wie flexim es nach Ansicht des Kontakts f\u00fcr erforderlich h\u00e4lt. Diese Daten werden niemals l\u00e4nger als n\u00f6tig aufbewahrt, es sei denn, dies ist im Zusammenhang mit anderen Rechtsvorschriften erforderlich.<\/p>\n<p><strong>Mitteilungsblatt<\/strong><\/p>\n<p>Flexim informiert Interessenten im Wege eines Newsletters \u00fcber seine Leistungen. Jeder Newsletter enth\u00e4lt einen Link, mit dem Sie sich abmelden k\u00f6nnen. Die Abonnentendatei des Newsletters wird nicht an Dritte weitergegeben.<strong> <\/strong><\/p>\n<p><strong>Sicherheit<\/strong><\/p>\n<p>Flexim ergreift geeignete technische und organisatorische Ma\u00dfnahmen, um den Verlust oder die unrechtm\u00e4\u00dfige Verarbeitung personenbezogener Daten zu verhindern. Einige dieser Ma\u00dfnahmen sind:<br \/>\u2013 Die Flexim-Website ist mit einem SSL-Zertifikat gesichert. Dadurch werden vertrauliche Informationen, die beispielsweise \u00fcber ein Kontaktformular zur Verf\u00fcgung gestellt werden, verschl\u00fcsselt;<br \/>\u2013 Der Zugang zu elektronischen Systemen ist unter anderem durch ein Passwort gesch\u00fctzt;<br \/>\u2013 nur autorisierte Mitarbeiter\/Dritte haben Zugriff auf Ihre personenbezogenen Daten; und<br \/>\u2013 Mit dem Webhosting-Anbieter wurde ein Auftragsverarbeitungsvertrag abgeschlossen, der auch die Sicherheit Ihrer personenbezogenen Daten garantiert.<\/p>\n<p>Diese Ma\u00dfnahmen zielen darauf ab, ein angemessenes Sicherheitsniveau zu erreichen.<\/p>\n<p><strong>Cookies<\/strong><\/p>\n<p>Flexim verwendet Cookies. Cookies sind kleine Dateien mit Daten, die auf der Festplatte Ihres Computers, Tablets oder Mobiltelefons gespeichert werden. Diese Cookies werden verwendet, um die Funktion der Flexim-Website zu verbessern, z. B. durch das Anbieten eines Warenkorbs. Diese Cookies werden nicht verwendet, um Sie zu identifizieren.<\/p>\n<p>Flexim verwendet Google Analytics. So ist es beispielsweise m\u00f6glich, dass Cookies von Google Analytics mit dem Ziel gesetzt werden, Daten zu sammeln, um Ihnen letztendlich ein optimales Nutzererlebnis zu bieten. Durch das Sammeln von Daten \u00fcber Google Analytics erh\u00e4lt Flexim Einblick in die Nutzung und diese Statistiken k\u00f6nnen auf seine Website angewendet werden. Die erhaltenen Informationen werden an einen Server von Google in den USA \u00fcbertragen und dort gespeichert. Google kann diese Informationen an Dritte weitergeben, sofern Google gesetzlich dazu verpflichtet ist oder soweit diese Dritten die Informationen im Auftrag von Google verarbeiten. Darauf hat Flexim keinen Einfluss. Flexim hat Google nicht erlaubt, die erhaltenen Analyseinformationen f\u00fcr andere Google-Dienste zu verwenden. Die Datenschutzerkl\u00e4rung von Google Analytics kann <a href=\"https:\/\/www.google.nl\/intl\/nl\/policies\/privacy\/\" target=\"_blank\" rel=\"noopener\">hier<\/a> eingesehen werden.<\/p>\n<p>Dritte haben keinen Zugriff auf die von Flexim gesetzten Cookies. Wenn Sie m\u00f6chten, k\u00f6nnen Sie die Einstellungen Ihres Browsers \u00e4ndern, um Cookies abzulehnen. Das Deaktivieren von Cookies wirkt sich nur auf den Computer und den Browser aus, auf dem Sie diese Aktion ausf\u00fchren. Wenn Sie mehrere Computer und\/oder Browser verwenden, m\u00fcssen Sie diesen Vorgang so oft wie n\u00f6tig wiederholen.<\/p>\n<p><strong>Ihre Rechte<\/strong><\/p>\n<p>Sie haben verschiedene Rechte, wenn Ihre personenbezogenen Daten von Flexim verarbeitet werden. Sie k\u00f6nnen beispielsweise die Einsichtnahme, \u00c4nderung oder L\u00f6schung Ihrer personenbezogenen Daten beantragen. Sie haben auch das Recht zu erkl\u00e4ren, dass die Verarbeitung Ihrer Daten eingeschr\u00e4nkt werden soll und\/oder Sie k\u00f6nnen der Verarbeitung widersprechen (z. B. Direktmarketing). In diesen F\u00e4llen oder wenn Sie Fragen zur Datenschutzerkl\u00e4rung haben, k\u00f6nnen Sie sich jederzeit an Flexim wenden, indem Sie eine E-Mail an info [@] flexim.eu. senden. Bitte geben Sie in der Betreffzeile &#8220;Pers\u00f6nliche Daten&#8221; an.<\/p>\n<p><strong>\u00c4nderungen an dieser Datenschutzerkl\u00e4rung<br \/><\/strong> Die Regeln zum Schutz personenbezogener Daten k\u00f6nnen sich st\u00e4ndig \u00e4ndern. Flexim beh\u00e4lt sich daher das Recht vor, \u00c4nderungen an dieser Datenschutzerkl\u00e4rung vorzunehmen. Bitte \u00fcberpr\u00fcfen Sie daher diese Erkl\u00e4rung regelm\u00e4\u00dfig.<\/p>\n<p><strong>\u00dcbersetzungen<br \/><\/strong> Diese Erkl\u00e4rung wurde sowohl auf Niederl\u00e4ndisch als auch auf Englisch verfasst. Weicht die englische Fassung von der niederl\u00e4ndischen Fassung ab, ist die niederl\u00e4ndische Fassung ma\u00dfgebend.<\/p>\n<p><em>Ende des Formulars<\/em><\/p>\n<p><em>Stand Juni 2017<\/em><\/p>\n\t\t\t\t\t\t\t\t<\/div>\n\t\t\t\t<\/div>\n\t\t\t\t\t<\/div>\n\t\t\t\t<\/div>\n\t\t\t\t<\/div>\n\t\t","protected":false},"excerpt":{"rendered":"<p>Flexim International BV Datenschutzerkl\u00e4rung Datenschutzerkl\u00e4rung Flexim International B.V. In dieser Datenschutzerkl\u00e4rung erl\u00e4utert Flexim International B.V., mit Sitz in (1704 SK) Heerhugowaard, Buys Ballotstraat 4 mit der Handelskammernummer: 37051639 (im Folgenden &#8220;Flexim&#8221;), welche personenbezogenen Daten Flexim sammelt und verarbeitet, zu welchen Zwecken diese Daten verarbeitet werden und wie seine Cookie-Richtlinie aussieht. Allgemein Flexim respektiert die Privatsph\u00e4re [&hellip;]<\/p>\n","protected":false},"author":1,"featured_media":0,"parent":0,"menu_order":0,"comment_status":"closed","ping_status":"closed","template":"elementor_header_footer","meta":{"footnotes":""},"class_list":["post-11917","page","type-page","status-publish","hentry"],"_links":{"self":[{"href":"https:\/\/flexim.eu\/de\/wp-json\/wp\/v2\/pages\/11917","targetHints":{"allow":["GET"]}}],"collection":[{"href":"https:\/\/flexim.eu\/de\/wp-json\/wp\/v2\/pages"}],"about":[{"href":"https:\/\/flexim.eu\/de\/wp-json\/wp\/v2\/types\/page"}],"author":[{"embeddable":true,"href":"https:\/\/flexim.eu\/de\/wp-json\/wp\/v2\/users\/1"}],"replies":[{"embeddable":true,"href":"https:\/\/flexim.eu\/de\/wp-json\/wp\/v2\/comments?post=11917"}],"version-history":[{"count":0,"href":"https:\/\/flexim.eu\/de\/wp-json\/wp\/v2\/pages\/11917\/revisions"}],"wp:attachment":[{"href":"https:\/\/flexim.eu\/de\/wp-json\/wp\/v2\/media?parent=11917"}],"curies":[{"name":"wp","href":"https:\/\/api.w.org\/{rel}","templated":true}]}}