{"id":10659,"date":"2023-03-13T10:33:45","date_gmt":"2023-03-13T09:33:45","guid":{"rendered":"https:\/\/flexim.eu\/product\/flexim-kleine-verpackung\/"},"modified":"2025-03-28T09:49:41","modified_gmt":"2025-03-28T08:49:41","slug":"flexim-kleinpackung","status":"publish","type":"product","link":"https:\/\/flexim.eu\/de\/product\/flexim-kleinpackung\/","title":{"rendered":"Flexim Kleinpackung"},"content":{"rendered":"<p>Kleine Wartungsarbeiten? Dies ist die perfekte DIY-Verpackung!<\/p>\n<h2>Warum sollten Sie sich f\u00fcr Flexim Dachm\u00f6rtel entscheiden?<\/h2>\n<p>Flexim Dachm\u00f6rtel ist die professionelle L\u00f6sung f\u00fcr das feste und dauerhafte Befestigen von Firsten und Dachziegeln. Dank der fertigen Streifen ist die Anwendung schnell und einfach, ohne das Mischen oder Aush\u00e4rten. Flexim ist flexibel, wasser- und frostbest\u00e4ndig, wodurch es allen Wetterbedingungen standh\u00e4lt.  <\/p>\n<h3>Verpackung &amp; Verbrauch<\/h3>\n<p><strong>Inhalt<\/strong>: 5 Streifen (10 cm x 50 cm x 3,5 cm)<br \/>\n<strong>Gewicht:<\/strong> ca. 4,5 kg<br \/>\n<strong>Verbrauch<\/strong>: ca. 1,50 \u2013 2,50 Meter (abh\u00e4ngig vom Typ der Dachziegel)<br \/>\n<strong>Haltbarkeit:<\/strong> 2 Jahre<\/p>\n<p>Bestellen Sie jetzt die <strong>Flexim Kleinverpackung <\/strong>und sorgen Sie f\u00fcr eine dauerhafte, pflegeleichte Dachabdichtung!<\/p>\n","protected":false},"excerpt":{"rendered":"<p><strong>\u20ac57,05 inkl. MwSt.<\/strong><\/p>\n<p><strong>Die L\u00f6sung f\u00fcr eine feste Befestigung der Firsten!<\/strong><\/p>\n<ul>\n<li><strong>Bereit zur Verwendung<\/strong> \u2013 Kein Mischen erforderlich<\/li>\n<li><strong>Langlebig und flexibel <\/strong>\u2013 Widerstandsf\u00e4hig gegen\u00fcber Temperaturwechseln<\/li>\n<li><strong>Wetterbest\u00e4ndig<\/strong> \u2013 Wasser- und frostresistent f\u00fcr eine lange Lebensdauer<\/li>\n<li><strong>Einfache Anwendung<\/strong> \u2013 Inklusive 4 Latexhandschuhe<\/li>\n<\/ul>\n","protected":false},"featured_media":10525,"comment_status":"closed","ping_status":"closed","template":"","meta":[],"product_brand":[],"product_cat":[114],"product_tag":[],"class_list":{"0":"post-10659","1":"product","2":"type-product","3":"status-publish","4":"has-post-thumbnail","6":"product_cat-keine-kategorie","8":"first","9":"instock","10":"taxable","11":"shipping-taxable","12":"purchasable","13":"product-type-variable","14":"has-default-attributes"},"_links":{"self":[{"href":"https:\/\/flexim.eu\/de\/wp-json\/wp\/v2\/product\/10659","targetHints":{"allow":["GET"]}}],"collection":[{"href":"https:\/\/flexim.eu\/de\/wp-json\/wp\/v2\/product"}],"about":[{"href":"https:\/\/flexim.eu\/de\/wp-json\/wp\/v2\/types\/product"}],"replies":[{"embeddable":true,"href":"https:\/\/flexim.eu\/de\/wp-json\/wp\/v2\/comments?post=10659"}],"wp:featuredmedia":[{"embeddable":true,"href":"https:\/\/flexim.eu\/de\/wp-json\/wp\/v2\/media\/10525"}],"wp:attachment":[{"href":"https:\/\/flexim.eu\/de\/wp-json\/wp\/v2\/media?parent=10659"}],"wp:term":[{"taxonomy":"product_brand","embeddable":true,"href":"https:\/\/flexim.eu\/de\/wp-json\/wp\/v2\/product_brand?post=10659"},{"taxonomy":"product_cat","embeddable":true,"href":"https:\/\/flexim.eu\/de\/wp-json\/wp\/v2\/product_cat?post=10659"},{"taxonomy":"product_tag","embeddable":true,"href":"https:\/\/flexim.eu\/de\/wp-json\/wp\/v2\/product_tag?post=10659"}],"curies":[{"name":"wp","href":"https:\/\/api.w.org\/{rel}","templated":true}]}}