{"id":11455,"date":"2023-03-10T15:56:23","date_gmt":"2023-03-10T14:56:23","guid":{"rendered":"https:\/\/flexim.eu\/politica-de-cookies\/"},"modified":"2023-04-17T16:21:21","modified_gmt":"2023-04-17T14:21:21","slug":"politica-de-cookies","status":"publish","type":"page","link":"https:\/\/flexim.eu\/es\/politica-de-cookies\/","title":{"rendered":"Pol\u00edtica de cookies"},"content":{"rendered":"\t\t<div data-elementor-type=\"wp-page\" data-elementor-id=\"11455\" class=\"elementor elementor-11455 elementor-357\" data-elementor-post-type=\"page\">\n\t\t\t\t<div class=\"elementor-element elementor-element-aadb699 e-con-full e-flex e-con e-parent\" data-id=\"aadb699\" data-element_type=\"container\" data-e-type=\"container\" data-settings=\"{&quot;background_background&quot;:&quot;gradient&quot;}\">\n\t\t<div class=\"elementor-element elementor-element-a833782 e-con-full e-flex e-con e-parent\" data-id=\"a833782\" data-element_type=\"container\" data-e-type=\"container\" data-settings=\"{&quot;background_background&quot;:&quot;classic&quot;}\">\n\t\t\t\t<div class=\"elementor-element elementor-element-8a09e0b elementor-invisible elementor-widget elementor-widget-heading\" data-id=\"8a09e0b\" data-element_type=\"widget\" data-e-type=\"widget\" data-settings=\"{&quot;_animation&quot;:&quot;BlubfadeInRight&quot;}\" data-widget_type=\"heading.default\">\n\t\t\t\t<div class=\"elementor-widget-container\">\n\t\t\t\t\t<span class=\"elementor-heading-title elementor-size-default\">Flexim internacional BV<\/span>\t\t\t\t<\/div>\n\t\t\t\t<\/div>\n\t\t\t\t<div class=\"elementor-element elementor-element-38be330 elementor-invisible elementor-widget elementor-widget-heading\" data-id=\"38be330\" data-element_type=\"widget\" data-e-type=\"widget\" data-settings=\"{&quot;_animation&quot;:&quot;BlubfadeInRight&quot;}\" data-widget_type=\"heading.default\">\n\t\t\t\t<div class=\"elementor-widget-container\">\n\t\t\t\t\t<h1 class=\"elementor-heading-title elementor-size-default\">Pol\u00edtica de cookies<\/h1>\t\t\t\t<\/div>\n\t\t\t\t<\/div>\n\t\t\t\t<\/div>\n\t\t<div class=\"elementor-element elementor-element-743384e e-con-full e-flex e-con e-parent\" data-id=\"743384e\" data-element_type=\"container\" data-e-type=\"container\" data-settings=\"{&quot;background_background&quot;:&quot;classic&quot;}\">\n\t\t\t\t<div class=\"elementor-element elementor-element-86504ab elementor-widget elementor-widget-spacer\" data-id=\"86504ab\" data-element_type=\"widget\" data-e-type=\"widget\" data-widget_type=\"spacer.default\">\n\t\t\t\t<div class=\"elementor-widget-container\">\n\t\t\t\t\t\t\t<div class=\"elementor-spacer\">\n\t\t\t<div class=\"elementor-spacer-inner\"><\/div>\n\t\t<\/div>\n\t\t\t\t\t\t<\/div>\n\t\t\t\t<\/div>\n\t\t\t\t<\/div>\n\t\t\t\t<\/div>\n\t\t<div class=\"elementor-element elementor-element-abd4d30 e-flex e-con-boxed e-con e-parent\" data-id=\"abd4d30\" data-element_type=\"container\" data-e-type=\"container\" data-settings=\"{&quot;background_background&quot;:&quot;classic&quot;}\">\n\t\t\t\t\t<div class=\"e-con-inner\">\n\t\t\t\t<div class=\"elementor-element elementor-element-3b825d9 elementor-widget elementor-widget-text-editor\" data-id=\"3b825d9\" data-element_type=\"widget\" data-e-type=\"widget\" data-widget_type=\"text-editor.default\">\n\t\t\t\t<div class=\"elementor-widget-container\">\n\t\t\t\t\t\t\t\t\t<p>Para garantizar que nuestro sitio web funcione correctamente, utilizamos cookies y t\u00e9cnicas similares. Por ejemplo, utilizamos cookies para analizar las visitas, mostrarle los mejores resultados de b\u00fasqueda y ofrecerle anuncios personalizados.<\/p>\n<p><strong>\u00bfQu\u00e9 son las cookies?<\/strong><\/p>\n<p>Una cookie puede verse como un peque\u00f1o archivo de texto que se coloca en su computadora. \u00a1Usamos esto para hacer que nuestro sitio funcione correctamente, para mejorarlo y para brindarle la mejor experiencia! Tambi\u00e9n podemos compartir su comportamiento de navegaci\u00f3n a trav\u00e9s de cookies con otras partes para poder mostrarle anuncios relevantes. Distinguimos entre tres cookies diferentes: cookies necesarias, cookies de rendimiento y cookies de marketing.<\/p>\n<p><strong>Cookies necesarias<\/strong><\/p>\n<p>Estas cookies son necesarias para que el sitio funcione correctamente t\u00e9cnicamente. Por ejemplo, se aseguran de que podamos mostrarle la informaci\u00f3n correcta de forma r\u00e1pida y correcta. Por lo tanto, no puede desactivar estas cookies. Debido a que las cookies necesarias tienen poco impacto en la privacidad de los visitantes, no necesitamos permiso aqu\u00ed.<\/p>\n<p><strong>\u00bfQu\u00e9 cookies necesarias colocamos?<\/strong><\/p>\n<p><strong>Cookies de Anti-Spam de Cleantalk<\/strong><\/p>\n<p>Utilizamos los servicios de Cleantalk para detener y prevenir el spam. Cleantalk coloca cookies en nuestro sitio web para este prop\u00f3sito. Los datos recopilados con las cookies solo se utilizan en el proceso de prevenci\u00f3n y lucha contra el spam. Tenemos un acuerdo de procesador con Cleantalk, para que cumplan con las regulaciones europeas en el campo del procesamiento de datos.<\/p>\n<p>No necesitamos permiso para estas cookies. Sin el uso de cookies, pueden surgir problemas con respecto a nuestra protecci\u00f3n contra el spam.<\/p>\n<p><strong>\u00bfSe transmite la informaci\u00f3n?<\/strong><\/p>\n<p>S\u00ed, a Cleantalk. Su nombre, direcci\u00f3n de correo electr\u00f3nico y el contenido de su mensaje son recopilados por Cleantalk y luego inmediatamente se hacen invisibles, a menos que se trate de los datos de personas u organizaciones que env\u00edan spam.<\/p>\n<p>Ver la <a href=\"https:\/\/cleantalk.org\/publicoffer#privacy\" target=\"_blank\" rel=\"noopener\">pol\u00edtica de privacidad de Cleantalk<\/a><\/p>\n<p><strong>Cookies de GDPR Cookie Compliance<\/strong><\/p>\n<p>Utilizamos el complemento GDPR Cookie Compliance para nuestra barra de cookies. Cuando esta cookie est\u00e1 habilitada, estas cookies se utilizan para almacenar sus preferencias de configuraci\u00f3n de cookies. No necesitamos permiso para estas cookies.<\/p>\n<p><strong>\u00bfSe transmite la informaci\u00f3n?<\/strong><\/p>\n<p>No, esta informaci\u00f3n no se transmite. La informaci\u00f3n solo se aplica a la configuraci\u00f3n.<\/p>\n<p><strong>Cookies de rendimiento<\/strong><\/p>\n<p>Utilizamos cookies de rendimiento para analizar c\u00f3mo se utiliza nuestro sitio web, por ejemplo, para ver qu\u00e9 p\u00e1ginas se visitan m\u00e1s. Estos son amigables con la privacidad, para esto hemos concluido un acuerdo de procesamiento con Google. La \u00faltima parte de su direcci\u00f3n IP est\u00e1 enmascarada y el &#8220;intercambio de datos&#8221; est\u00e1 desactivado. No utilizamos otros servicios de Google para colocar cookies de rendimiento. Como resultado, las cookies tienen poco o ning\u00fan impacto en la privacidad de los visitantes del sitio web. Al igual que para las cookies necesarias, no tiene que dar permiso para esto.<\/p>\n<p><strong>\u00bfQu\u00e9 cookies de rendimiento colocamos?<\/strong><\/p>\n<p><strong>Google Analytics<\/strong><\/p>\n<p>Usamos esto para analizar el sitio web con estad\u00edsticas. Por ejemplo, tenemos informaci\u00f3n sobre el n\u00famero de visitantes \u00fanicos, sesiones, las p\u00e1ginas m\u00e1s visitadas y los datos de la campa\u00f1a. Este script le da a su dispositivo un n\u00famero de identificaci\u00f3n (ID) generado aleatoriamente. El ID se utiliza con cada golpe y se env\u00eda a Google para calcular las estad\u00edsticas en los servidores de Google.<\/p>\n<p>Pedimos permiso para estas cookies.<\/p>\n<p><strong>\u00bfSe transmite la informaci\u00f3n?<\/strong><\/p>\n<p>S\u00ed, el ID se transmite a Google, pero Google no lo utiliza para sus propios fines. La identificaci\u00f3n no est\u00e1 vinculada a otros datos que tienen sobre usted.<\/p>\n<p>Consulte la <a href=\"https:\/\/policies.google.com\/privacy?hl=nl\" target=\"_blank\" rel=\"noopener\">Declaraci\u00f3n de privacidad de Google Analytics.<\/a><\/p>\n<p><strong>Cookies de marketing<\/strong><\/p>\n<p>\u00a1Gracias a estas cookies podemos brindarle la mejor experiencia al visitante! Las cookies de marketing nos permiten adaptar el sitio web exactamente a sus necesidades. Podemos rastrear su comportamiento de navegaci\u00f3n en nuestro sitio web para que nosotros y terceros podamos mostrarle contenido y anuncios personalizados. Tambi\u00e9n podemos utilizar estas cookies para realizar pruebas A \/ B para optimizar el sitio web. Sin estas cookies, ciertas partes del sitio pueden no funcionar correctamente. Para colocar estas cookies, le pedimos permiso.<\/p>\n<p><strong>\u00bfQu\u00e9 cookies de marketing colocamos?<\/strong><\/p>\n<p>En este momento no utilizamos cookies de marketing<\/p>\n<p><strong>\u00bfSe pueden desactivar las cookies?<\/strong><\/p>\n<p>Puede desactivar las cookies usted mismo o eliminarlas de su dispositivo. La forma en que puede hacerlo difiere seg\u00fan el navegador de Internet y el dispositivo. Si elige eliminar sus cookies, es posible que el sitio web ya no funcione de manera \u00f3ptima y que no pueda utilizar algunos servicios.<\/p>\n<p><strong>\u00bfSe puede ajustar la pol\u00edtica de cookies?<\/strong><\/p>\n<p>Mientras tanto, la pol\u00edtica de cookies se puede ajustar para anunciar cambios. Los textos se pueden ajustar en cualquier momento. Por lo tanto, le recomendamos que consulte esta declaraci\u00f3n de cookies regularmente, para que conozca la forma en que manejamos las cookies.<\/p>\n<p><strong>Cookies imprevistas<\/strong><\/p>\n<p>Hacemos todo lo posible para ser lo m\u00e1s transparentes posible sobre las cookies que colocamos. Sin embargo, es posible que las cookies se coloquen a trav\u00e9s del sitio web del que no siempre somos conscientes.<\/p>\n<p>\u00bfEncuentra cookies imprevistas en este sitio web que no puede encontrar en la ventana emergente o en esta declaraci\u00f3n? \u00a1H\u00e1znoslo saber!<\/p>\n\t\t\t\t\t\t\t\t<\/div>\n\t\t\t\t<\/div>\n\t\t\t\t\t<\/div>\n\t\t\t\t<\/div>\n\t\t\t\t<\/div>\n\t\t","protected":false},"excerpt":{"rendered":"<p>Flexim internacional BV Pol\u00edtica de cookies Para garantizar que nuestro sitio web funcione correctamente, utilizamos cookies y t\u00e9cnicas similares. Por ejemplo, utilizamos cookies para analizar las visitas, mostrarle los mejores resultados de b\u00fasqueda y ofrecerle anuncios personalizados. \u00bfQu\u00e9 son las cookies? Una cookie puede verse como un peque\u00f1o archivo de texto que se coloca en [&hellip;]<\/p>\n","protected":false},"author":1,"featured_media":0,"parent":0,"menu_order":0,"comment_status":"closed","ping_status":"closed","template":"elementor_header_footer","meta":{"footnotes":""},"class_list":["post-11455","page","type-page","status-publish","hentry"],"_links":{"self":[{"href":"https:\/\/flexim.eu\/es\/wp-json\/wp\/v2\/pages\/11455","targetHints":{"allow":["GET"]}}],"collection":[{"href":"https:\/\/flexim.eu\/es\/wp-json\/wp\/v2\/pages"}],"about":[{"href":"https:\/\/flexim.eu\/es\/wp-json\/wp\/v2\/types\/page"}],"author":[{"embeddable":true,"href":"https:\/\/flexim.eu\/es\/wp-json\/wp\/v2\/users\/1"}],"replies":[{"embeddable":true,"href":"https:\/\/flexim.eu\/es\/wp-json\/wp\/v2\/comments?post=11455"}],"version-history":[{"count":0,"href":"https:\/\/flexim.eu\/es\/wp-json\/wp\/v2\/pages\/11455\/revisions"}],"wp:attachment":[{"href":"https:\/\/flexim.eu\/es\/wp-json\/wp\/v2\/media?parent=11455"}],"curies":[{"name":"wp","href":"https:\/\/api.w.org\/{rel}","templated":true}]}}