{"id":10774,"date":"2023-03-10T13:00:29","date_gmt":"2023-03-10T12:00:29","guid":{"rendered":"https:\/\/flexim.eu\/product\/embalaje-grande-flexim\/"},"modified":"2025-12-16T12:04:48","modified_gmt":"2025-12-16T11:04:48","slug":"embalaje-a-granel-flexible","status":"publish","type":"product","link":"https:\/\/flexim.eu\/es\/product\/embalaje-a-granel-flexible\/","title":{"rendered":"Flexim Formato grande"},"content":{"rendered":"<h2>\u00bfPor qu\u00e9 elegir el Mortero para Tejados Flexim?<\/h2>\n<p>El Mortero para Tejados Flexim es la soluci\u00f3n profesional para fijar de manera robusta y duradera las cumbreras y las tejas. Gracias a las tiras listas para usar, la aplicaci\u00f3n es r\u00e1pida y f\u00e1cil, sin necesidad de mezclar ni esperar a que se endurezca. Flexim es flexible, resistente al agua y al hielo, lo que lo hace apto para todas las condiciones clim\u00e1ticas.  <\/p>\n<h3>Embalaje y Consumo<\/h3>\n<p><strong>Contenido<\/strong>: 10 tiras (10 cm \u00d7 50 cm \u00d7 3,5 cm)<br \/>\n<strong>Peso<\/strong>: aprox. 9 kg<br \/>\nConsumo: aprox. 3\u20135 metros (seg\u00fan el tipo de tejados)<br \/>\n<strong>Vida \u00fatil:<\/strong> 2 a\u00f1os<\/p>\n<p>\u00a1Pida ahora el<strong> Flexim en formato grande<\/strong> y garantice una impermeabilizaci\u00f3n del tejado duradera y de bajo mantenimiento!<\/p>\n","protected":false},"excerpt":{"rendered":"<p><strong>\u20ac 93,65 incl. IVA<\/strong><\/p>\n<p><strong>\u00a1La soluci\u00f3n para una fijaci\u00f3n robusta de las cumbreras!<\/strong><\/p>\n<ul>\n<li><strong>Listo para usar de inmediato<\/strong> \u2013 Sin necesidad de mezclar.<\/li>\n<li><strong>Duradero y flexible<\/strong> \u2013 Resistente a los cambios de temperatura.<\/li>\n<li><strong>Resistente a las inclemencias del tiempo<\/strong> \u2013 Resistente al agua y al hielo para una larga durabilidad.<\/li>\n<li><strong>Aplicaci\u00f3n sencilla<\/strong> \u2013 Incluye 4 pares de guantes de l\u00e1tex.<\/li>\n<\/ul>\n","protected":false},"featured_media":10381,"comment_status":"closed","ping_status":"closed","template":"","meta":[],"product_brand":[],"product_cat":[117],"product_tag":[],"class_list":{"0":"post-10774","1":"product","2":"type-product","3":"status-publish","4":"has-post-thumbnail","6":"product_cat-ninguna-categoria","8":"first","9":"instock","10":"taxable","11":"shipping-taxable","12":"purchasable","13":"product-type-variable","14":"has-default-attributes"},"_links":{"self":[{"href":"https:\/\/flexim.eu\/es\/wp-json\/wp\/v2\/product\/10774","targetHints":{"allow":["GET"]}}],"collection":[{"href":"https:\/\/flexim.eu\/es\/wp-json\/wp\/v2\/product"}],"about":[{"href":"https:\/\/flexim.eu\/es\/wp-json\/wp\/v2\/types\/product"}],"replies":[{"embeddable":true,"href":"https:\/\/flexim.eu\/es\/wp-json\/wp\/v2\/comments?post=10774"}],"wp:featuredmedia":[{"embeddable":true,"href":"https:\/\/flexim.eu\/es\/wp-json\/wp\/v2\/media\/10381"}],"wp:attachment":[{"href":"https:\/\/flexim.eu\/es\/wp-json\/wp\/v2\/media?parent=10774"}],"wp:term":[{"taxonomy":"product_brand","embeddable":true,"href":"https:\/\/flexim.eu\/es\/wp-json\/wp\/v2\/product_brand?post=10774"},{"taxonomy":"product_cat","embeddable":true,"href":"https:\/\/flexim.eu\/es\/wp-json\/wp\/v2\/product_cat?post=10774"},{"taxonomy":"product_tag","embeddable":true,"href":"https:\/\/flexim.eu\/es\/wp-json\/wp\/v2\/product_tag?post=10774"}],"curies":[{"name":"wp","href":"https:\/\/api.w.org\/{rel}","templated":true}]}}