{"id":11872,"date":"2023-03-10T16:00:13","date_gmt":"2023-03-10T15:00:13","guid":{"rendered":"https:\/\/flexim.eu\/declaration-de-confidentialite\/"},"modified":"2023-05-23T16:19:39","modified_gmt":"2023-05-23T14:19:39","slug":"declaration-de-confidentialite","status":"publish","type":"page","link":"https:\/\/flexim.eu\/fr\/declaration-de-confidentialite\/","title":{"rendered":"D\u00e9claration de confidentialit\u00e9"},"content":{"rendered":"\t\t<div data-elementor-type=\"wp-page\" data-elementor-id=\"11872\" class=\"elementor elementor-11872 elementor-372\" data-elementor-post-type=\"page\">\n\t\t\t\t<div class=\"elementor-element elementor-element-8ea6ac8 e-con-full e-flex e-con e-parent\" data-id=\"8ea6ac8\" data-element_type=\"container\" data-e-type=\"container\" data-settings=\"{&quot;background_background&quot;:&quot;gradient&quot;}\">\n\t\t<div class=\"elementor-element elementor-element-c04b33d e-con-full e-flex e-con e-parent\" data-id=\"c04b33d\" data-element_type=\"container\" data-e-type=\"container\" data-settings=\"{&quot;background_background&quot;:&quot;classic&quot;}\">\n\t\t\t\t<div class=\"elementor-element elementor-element-590e362 elementor-invisible elementor-widget elementor-widget-heading\" data-id=\"590e362\" data-element_type=\"widget\" data-e-type=\"widget\" data-settings=\"{&quot;_animation&quot;:&quot;BlubfadeInRight&quot;}\" data-widget_type=\"heading.default\">\n\t\t\t\t<div class=\"elementor-widget-container\">\n\t\t\t\t\t<span class=\"elementor-heading-title elementor-size-default\">Flexim International BV<\/span>\t\t\t\t<\/div>\n\t\t\t\t<\/div>\n\t\t\t\t<div class=\"elementor-element elementor-element-a25db87 elementor-invisible elementor-widget elementor-widget-heading\" data-id=\"a25db87\" data-element_type=\"widget\" data-e-type=\"widget\" data-settings=\"{&quot;_animation&quot;:&quot;BlubfadeInRight&quot;}\" data-widget_type=\"heading.default\">\n\t\t\t\t<div class=\"elementor-widget-container\">\n\t\t\t\t\t<h1 class=\"elementor-heading-title elementor-size-default\">D\u00e9claration de confidentialit\u00e9<\/h1>\t\t\t\t<\/div>\n\t\t\t\t<\/div>\n\t\t\t\t<\/div>\n\t\t<div class=\"elementor-element elementor-element-060f0df e-con-full e-flex e-con e-parent\" data-id=\"060f0df\" data-element_type=\"container\" data-e-type=\"container\" data-settings=\"{&quot;background_background&quot;:&quot;classic&quot;}\">\n\t\t\t\t<div class=\"elementor-element elementor-element-af73601 elementor-widget elementor-widget-spacer\" data-id=\"af73601\" data-element_type=\"widget\" data-e-type=\"widget\" data-widget_type=\"spacer.default\">\n\t\t\t\t<div class=\"elementor-widget-container\">\n\t\t\t\t\t\t\t<div class=\"elementor-spacer\">\n\t\t\t<div class=\"elementor-spacer-inner\"><\/div>\n\t\t<\/div>\n\t\t\t\t\t\t<\/div>\n\t\t\t\t<\/div>\n\t\t\t\t<\/div>\n\t\t\t\t<\/div>\n\t\t<div class=\"elementor-element elementor-element-abd4d30 e-flex e-con-boxed e-con e-parent\" data-id=\"abd4d30\" data-element_type=\"container\" data-e-type=\"container\" data-settings=\"{&quot;background_background&quot;:&quot;classic&quot;}\">\n\t\t\t\t\t<div class=\"e-con-inner\">\n\t\t\t\t<div class=\"elementor-element elementor-element-3b825d9 elementor-widget elementor-widget-text-editor\" data-id=\"3b825d9\" data-element_type=\"widget\" data-e-type=\"widget\" data-widget_type=\"text-editor.default\">\n\t\t\t\t<div class=\"elementor-widget-container\">\n\t\t\t\t\t\t\t\t\t<p><strong>Privacyverklaring Flexim International B.V.<\/strong><\/p>\n<p>Dans cette d\u00e9claration de confidentialit\u00e9, Flexim International B.V., \u00e9tablie \u00e0 (1704 SK) Heerhugowaard \u00e0 Buys Ballotstraat 4 avec le num\u00e9ro de chambre de commerce : 37051639 (ci-apr\u00e8s \u00ab Flexim \u00bb), explique quelles donn\u00e9es personnelles Flexim collecte et traite, \u00e0 quelles fins ces donn\u00e9es sont trait\u00e9es et quelle est sa politique en mati\u00e8re de cookies.<\/p>\n<p><strong>G\u00e9n\u00e9ralit\u00e9s<\/strong><\/p>\n<p>Flexim respecte la vie priv\u00e9e de tous les visiteurs <a href=\"https:\/\/www.flexim.eu\/\">de son site Web https:\/\/www.flexim.eu<\/a>, de ses clients (potentiels) et de ses relations (potentielles). Flexim traite donc vos donn\u00e9es personnelles avec soin. Ces donn\u00e9es ne sont pas vendues, \u00e9chang\u00e9es ou partag\u00e9es avec des parties qui ne sont pas li\u00e9es aux services de flexim. Dans tous les cas, Flexim respecte les exigences de la l\u00e9gislation sur la protection des donn\u00e9es applicable aux Pays-Bas.<\/p>\n<p><strong>Traitement des donn\u00e9es personnelles<\/strong><\/p>\n<p>In het kader van de dienstverlening van Flexim of wanneer u anderszins contact heeft met Flexim (bijvoorbeeld via e-mail, via het contactformulier of via de live-chat op de website van Flexim), legt Flexim de door u opgegeven gegevens vast.<\/p>\n<p>U kunt te allen tijde de website van Flexim anoniem bekijken, dat wil zeggen zonder enige persoonlijke gegevens met Flexim te delen.<\/p>\n<p><strong>Doelen verwerking<\/strong><\/p>\n<p>Flexim utilise vos donn\u00e9es pour l\u2019ex\u00e9cution optimale de ses services, y compris la r\u00e9alisation d\u2019activit\u00e9s visant \u00e0 augmenter sa client\u00e8le et \u00e0 des fins de marketing. Par exemple, vos donn\u00e9es sont utilis\u00e9es pour livrer votre commande, pour \u00e9tablir et envoyer les factures, pour vous tenir inform\u00e9 de l\u2019avancement de la commande, pour le b\u00e9n\u00e9fice de votre compte afin que vous n\u2019ayez pas \u00e0 saisir vos donn\u00e9es \u00e0 chaque fois et dans le but d\u2019envoyer des newsletters.<br \/>Vos donn\u00e9es ne seront utilis\u00e9es qu\u2019aux fins pour lesquelles vous les avez fournies. Uw gegevens worden in principe niet zonder uw uitdrukkelijke toestemming aan derden verstrekt. Cela ne se produit que si cela est n\u00e9cessaire dans le cadre de l\u2019ex\u00e9cution du contrat avec Flexim ou si cela est requis par la loi.<\/p>\n<p><strong>Bewaartermijn<\/strong><\/p>\n<p>Uw persoonsgegevens worden bewaard zolang als dat naar het oordeel van Flexim naar de aard van het contact noodzakelijk is. Ces donn\u00e9es ne seront jamais conserv\u00e9es plus longtemps que n\u00e9cessaire, sauf si cela est n\u00e9cessaire dans le cadre d\u2019une autre l\u00e9gislation.<\/p>\n<p><strong>Bulletin<\/strong><\/p>\n<p>Flexim informe les parties int\u00e9ress\u00e9es sur ses services au moyen d\u2019une newsletter. Chaque newsletter contient un lien avec lequel vous pouvez vous d\u00e9sabonner. Le fichier d\u2019abonnement de la newsletter n\u2019est pas fourni \u00e0 des tiers.<strong> <\/strong><\/p>\n<p><strong>S\u00e9curit\u00e9<\/strong><\/p>\n<p>Flexim prend les mesures techniques et organisationnelles appropri\u00e9es pour pr\u00e9venir la perte ou le traitement ill\u00e9gal des donn\u00e9es personnelles. Voici quelques-unes de ces mesures :<br \/>\u2013 le site Flexim est s\u00e9curis\u00e9 par un certificat SSL. Cela crypte les informations confidentielles, par exemple celles qui sont fournies via un formulaire de contact;<br \/>\u2013 l\u2019acc\u00e8s aux syst\u00e8mes \u00e9lectroniques est prot\u00e9g\u00e9, entre autres, par un mot de passe;<br \/>\u2013 seul le personnel autoris\u00e9\/des tiers ont acc\u00e8s \u00e0 vos donn\u00e9es personnelles ; et<br \/>\u2013 Un accord de traitement a \u00e9t\u00e9 conclu avec le fournisseur d\u2019h\u00e9bergement Web qui garantit \u00e9galement la s\u00e9curit\u00e9 de vos donn\u00e9es personnelles.<\/p>\n<p>Ces mesures visent \u00e0 atteindre un niveau de s\u00e9curit\u00e9 appropri\u00e9.<\/p>\n<p><strong>Cookies<\/strong><\/p>\n<p>Flexim utilise des cookies. Les cookies sont de petits fichiers contenant des donn\u00e9es qui sont stock\u00e9s sur le disque dur de votre ordinateur, tablette ou t\u00e9l\u00e9phone mobile. Ces cookies sont utilis\u00e9s pour am\u00e9liorer le fonctionnement du site Web Flexim, par exemple en proposant un panier d\u2019achat. Ces cookies ne sont pas utilis\u00e9s pour vous identifier.<\/p>\n<p>Flexim utilise Google Analytics. Par exemple, il est possible que des cookies soient plac\u00e9s \u00e0 partir de Google Analytics dans le but de collecter des donn\u00e9es afin de vous offrir une exp\u00e9rience utilisateur optimale. En collectant des donn\u00e9es via Google Analytics, Flexim obtient un aper\u00e7u de l\u2019utilisation et ces statistiques peuvent \u00eatre appliqu\u00e9es \u00e0 son site Web. Les informations obtenues sont transf\u00e9r\u00e9es et stock\u00e9es par Google sur des serveurs situ\u00e9s aux \u00c9tats-Unis. Google peut fournir ces informations \u00e0 des tiers si Google est l\u00e9galement tenu de le faire, ou dans la mesure o\u00f9 ces tiers traitent les informations pour le compte de Google. La flexibilit\u00e9 n\u2019a aucune influence sur cela. Flexim n\u2019a pas autoris\u00e9 Google \u00e0 utiliser les informations analytiques obtenues pour d\u2019autres services Google. La d\u00e9claration de confidentialit\u00e9 de Google Analytics peut \u00eatre consult\u00e9e <a href=\"https:\/\/www.google.nl\/intl\/nl\/policies\/privacy\/\" target=\"_blank\" rel=\"noopener\">ici<\/a> .<\/p>\n<p>Les tiers n\u2019ont pas acc\u00e8s aux cookies plac\u00e9s par Flexim. Si vous le souhaitez, vous pouvez modifier les param\u00e8tres de votre navigateur pour refuser les cookies. La d\u00e9sactivation des cookies n\u2019affecte que l\u2019ordinateur et le navigateur sur lesquels vous effectuez cette action. Si vous utilisez plusieurs ordinateurs et\/ou navigateurs, vous devez r\u00e9p\u00e9ter cette op\u00e9ration aussi souvent que n\u00e9cessaire.<\/p>\n<p><strong>Vos droits<\/strong><\/p>\n<p>Vous disposez de diff\u00e9rents droits si vos donn\u00e9es personnelles sont trait\u00e9es par Flexim. Par exemple, vous pouvez demander \u00e0 consulter, modifier ou supprimer vos donn\u00e9es personnelles. Vous avez \u00e9galement le droit d\u2019indiquer que le traitement de vos donn\u00e9es doit \u00eatre limit\u00e9 et\/ou vous pouvez vous opposer au traitement (par exemple au marketing direct). Dans ces cas ou si vous avez des questions sur la politique de confidentialit\u00e9, vous pouvez contacter Flexim \u00e0 tout moment en envoyant un e-mail \u00e0: info [@] flexim.eu. Veuillez indiquer \u00ab Donn\u00e9es personnelles \u00bb dans la ligne d\u2019objet.<\/p>\n<p><strong>Modifications de cette d\u00e9claration<br \/> de confidentialit\u00e9<\/strong> Les r\u00e8gles concernant la protection des donn\u00e9es personnelles peuvent changer constamment. Flexim se r\u00e9serve donc le droit d\u2019apporter des modifications \u00e0 cette d\u00e9claration de confidentialit\u00e9. Par cons\u00e9quent, veuillez v\u00e9rifier cette d\u00e9claration r\u00e9guli\u00e8rement.<\/p>\n<p><strong>Traductions<br \/><\/strong> Cette d\u00e9claration a \u00e9t\u00e9 r\u00e9dig\u00e9e en n\u00e9erlandais et en anglais. Si la version anglaise diff\u00e8re de la version n\u00e9erlandaise, la version n\u00e9erlandaise pr\u00e9vaut.<\/p>\n<p><em>Bas du formulaire<\/em><\/p>\n<p><em>Version juin 2017<\/em><\/p>\n\t\t\t\t\t\t\t\t<\/div>\n\t\t\t\t<\/div>\n\t\t\t\t\t<\/div>\n\t\t\t\t<\/div>\n\t\t\t\t<\/div>\n\t\t","protected":false},"excerpt":{"rendered":"<p>Flexim International BV D\u00e9claration de confidentialit\u00e9 Privacyverklaring Flexim International B.V. Dans cette d\u00e9claration de confidentialit\u00e9, Flexim International B.V., \u00e9tablie \u00e0 (1704 SK) Heerhugowaard \u00e0 Buys Ballotstraat 4 avec le num\u00e9ro de chambre de commerce : 37051639 (ci-apr\u00e8s \u00ab Flexim \u00bb), explique quelles donn\u00e9es personnelles Flexim collecte et traite, \u00e0 quelles fins ces donn\u00e9es sont trait\u00e9es [&hellip;]<\/p>\n","protected":false},"author":1,"featured_media":0,"parent":0,"menu_order":0,"comment_status":"closed","ping_status":"closed","template":"elementor_header_footer","meta":{"footnotes":""},"class_list":["post-11872","page","type-page","status-publish","hentry"],"_links":{"self":[{"href":"https:\/\/flexim.eu\/fr\/wp-json\/wp\/v2\/pages\/11872","targetHints":{"allow":["GET"]}}],"collection":[{"href":"https:\/\/flexim.eu\/fr\/wp-json\/wp\/v2\/pages"}],"about":[{"href":"https:\/\/flexim.eu\/fr\/wp-json\/wp\/v2\/types\/page"}],"author":[{"embeddable":true,"href":"https:\/\/flexim.eu\/fr\/wp-json\/wp\/v2\/users\/1"}],"replies":[{"embeddable":true,"href":"https:\/\/flexim.eu\/fr\/wp-json\/wp\/v2\/comments?post=11872"}],"version-history":[{"count":0,"href":"https:\/\/flexim.eu\/fr\/wp-json\/wp\/v2\/pages\/11872\/revisions"}],"wp:attachment":[{"href":"https:\/\/flexim.eu\/fr\/wp-json\/wp\/v2\/media?parent=11872"}],"curies":[{"name":"wp","href":"https:\/\/api.w.org\/{rel}","templated":true}]}}