{"id":10928,"date":"2023-03-09T17:24:47","date_gmt":"2023-03-09T16:24:47","guid":{"rendered":"https:\/\/flexim.eu\/chi-siamo\/"},"modified":"2023-06-02T14:53:36","modified_gmt":"2023-06-02T12:53:36","slug":"chi-siamo","status":"publish","type":"page","link":"https:\/\/flexim.eu\/it\/chi-siamo\/","title":{"rendered":"Su di noi"},"content":{"rendered":"\t\t<div data-elementor-type=\"wp-page\" data-elementor-id=\"10928\" class=\"elementor elementor-10928 elementor-91\" data-elementor-post-type=\"page\">\n\t\t\t\t<div class=\"elementor-element elementor-element-aadb699 e-con-full e-flex e-con e-parent\" data-id=\"aadb699\" data-element_type=\"container\" data-e-type=\"container\" data-settings=\"{&quot;background_background&quot;:&quot;gradient&quot;}\">\n\t\t<div class=\"elementor-element elementor-element-a833782 e-con-full e-flex e-con e-parent\" data-id=\"a833782\" data-element_type=\"container\" data-e-type=\"container\" data-settings=\"{&quot;background_background&quot;:&quot;classic&quot;}\">\n\t\t\t\t<div class=\"elementor-element elementor-element-8a09e0b elementor-invisible elementor-widget elementor-widget-heading\" data-id=\"8a09e0b\" data-element_type=\"widget\" data-e-type=\"widget\" data-settings=\"{&quot;_animation&quot;:&quot;BlubfadeInRight&quot;}\" data-widget_type=\"heading.default\">\n\t\t\t\t<div class=\"elementor-widget-container\">\n\t\t\t\t\t<span class=\"elementor-heading-title elementor-size-default\">Flexim International BV<\/span>\t\t\t\t<\/div>\n\t\t\t\t<\/div>\n\t\t\t\t<div class=\"elementor-element elementor-element-38be330 elementor-invisible elementor-widget elementor-widget-heading\" data-id=\"38be330\" data-element_type=\"widget\" data-e-type=\"widget\" data-settings=\"{&quot;_animation&quot;:&quot;BlubfadeInRight&quot;}\" data-widget_type=\"heading.default\">\n\t\t\t\t<div class=\"elementor-widget-container\">\n\t\t\t\t\t<h1 class=\"elementor-heading-title elementor-size-default\">Chi Siamo<\/h1>\t\t\t\t<\/div>\n\t\t\t\t<\/div>\n\t\t\t\t<div class=\"elementor-element elementor-element-4aa2d67 elementor-invisible elementor-widget elementor-widget-text-editor\" data-id=\"4aa2d67\" data-element_type=\"widget\" data-e-type=\"widget\" data-settings=\"{&quot;_animation&quot;:&quot;BlubfadeInRight&quot;}\" data-widget_type=\"text-editor.default\">\n\t\t\t\t<div class=\"elementor-widget-container\">\n\t\t\t\t\t\t\t\t\t<p>Il mondo dell&#8217;edilizia professionale lavora da anni con la malta per tetti Flexim. Dal 1985 Flexim \u00e8 il prodotto di qualit\u00e0 per manutenzioni, ristrutturazioni e nuove costruzioni! \u00c8 estremamente sostenibile e sviluppato da un punto di vista ecologico, con l&#8217;olio di lino &#8220;verde&#8221; vecchio stile come ingrediente principale. Nel 2022 \u00e8 stato raggiunto il traguardo di 4 milioni di tetti trattati con il cemento per tetti Flexim.<\/p>\n<p>Flexim International BV si trova a Heerhugowaard. Qui, tutti gli ordini in arrivo vengono prodotti, imballati e preparati per la spedizione con la massima cura per i clienti in patria e all&#8217;estero.<\/p>\t\t\t\t\t\t\t\t<\/div>\n\t\t\t\t<\/div>\n\t\t\t\t<\/div>\n\t\t<div class=\"elementor-element elementor-element-743384e e-con-full e-flex e-con e-parent\" data-id=\"743384e\" data-element_type=\"container\" data-e-type=\"container\" data-settings=\"{&quot;background_background&quot;:&quot;classic&quot;}\">\n\t\t\t\t<div class=\"elementor-element elementor-element-86504ab elementor-widget elementor-widget-spacer\" data-id=\"86504ab\" data-element_type=\"widget\" data-e-type=\"widget\" data-widget_type=\"spacer.default\">\n\t\t\t\t<div class=\"elementor-widget-container\">\n\t\t\t\t\t\t\t<div class=\"elementor-spacer\">\n\t\t\t<div class=\"elementor-spacer-inner\"><\/div>\n\t\t<\/div>\n\t\t\t\t\t\t<\/div>\n\t\t\t\t<\/div>\n\t\t\t\t<\/div>\n\t\t\t\t<\/div>\n\t\t<div class=\"elementor-element elementor-element-abd4d30 e-flex e-con-boxed e-con e-parent\" data-id=\"abd4d30\" data-element_type=\"container\" data-e-type=\"container\" data-settings=\"{&quot;background_background&quot;:&quot;classic&quot;}\">\n\t\t\t\t\t<div class=\"e-con-inner\">\n\t\t<div class=\"elementor-element elementor-element-cafbf89 e-con-full e-flex e-con e-parent\" data-id=\"cafbf89\" data-element_type=\"container\" data-e-type=\"container\">\n\t\t\t\t<div class=\"elementor-element elementor-element-3564028 elementor-widget elementor-widget-image\" data-id=\"3564028\" data-element_type=\"widget\" data-e-type=\"widget\" data-widget_type=\"image.default\">\n\t\t\t\t<div class=\"elementor-widget-container\">\n\t\t\t\t\t\t\t\t\t\t\t\t\t\t\t<img decoding=\"async\" width=\"1\" height=\"1\" src=\"https:\/\/flexim.eu\/wp-content\/uploads\/2023\/03\/kaart.svg\" class=\"attachment-large size-large wp-image-10050\" alt=\"\" \/>\t\t\t\t\t\t\t\t\t\t\t\t\t\t\t<\/div>\n\t\t\t\t<\/div>\n\t\t\t\t<\/div>\n\t\t<div class=\"elementor-element elementor-element-2cb8466 e-con-full e-flex e-con e-parent\" data-id=\"2cb8466\" data-element_type=\"container\" data-e-type=\"container\">\n\t\t\t\t<div class=\"elementor-element elementor-element-468007c elementor-widget elementor-widget-heading\" data-id=\"468007c\" data-element_type=\"widget\" data-e-type=\"widget\" data-widget_type=\"heading.default\">\n\t\t\t\t<div class=\"elementor-widget-container\">\n\t\t\t\t\t<h2 class=\"elementor-heading-title elementor-size-default\">International Service \nPoints (ISP)<\/h2>\t\t\t\t<\/div>\n\t\t\t\t<\/div>\n\t\t\t\t<div class=\"elementor-element elementor-element-e3f0c69 elementor-widget elementor-widget-text-editor\" data-id=\"e3f0c69\" data-element_type=\"widget\" data-e-type=\"widget\" data-widget_type=\"text-editor.default\">\n\t\t\t\t<div class=\"elementor-widget-container\">\n\t\t\t\t\t\t\t\t\t<p>La prima esportazione all\u2019estero dei prodotti Flexim avvenne nel 1987. Oggi, la malta di copertura per tetti Flexim viene venduta in oltre 15 Paesi in tutto il mondo.<\/p>\n<p>In alcuni paesi, Flexim \u00e8 alla ricerca di concessionari e punti di assistenza. Siete interessati a diventare un ISP per Flexim? Scriveteci per scoprire tutte le opportunit\u00e0.<\/p>\n\t\t\t\t\t\t\t\t<\/div>\n\t\t\t\t<\/div>\n\t\t\t\t<\/div>\n\t\t\t\t\t<\/div>\n\t\t\t\t<\/div>\n\t\t<div class=\"elementor-element elementor-element-80b3484 e-flex e-con-boxed e-con e-parent\" data-id=\"80b3484\" data-element_type=\"container\" data-e-type=\"container\" data-settings=\"{&quot;background_background&quot;:&quot;classic&quot;}\">\n\t\t\t\t\t<div class=\"e-con-inner\">\n\t\t<div class=\"elementor-element elementor-element-39dddfb e-con-full e-flex e-con e-parent\" data-id=\"39dddfb\" data-element_type=\"container\" data-e-type=\"container\" data-settings=\"{&quot;background_background&quot;:&quot;classic&quot;}\">\n\t\t\t\t<div class=\"elementor-element elementor-element-765eb47 elementor-view-default elementor-widget elementor-widget-icon\" data-id=\"765eb47\" data-element_type=\"widget\" data-e-type=\"widget\" data-widget_type=\"icon.default\">\n\t\t\t\t<div class=\"elementor-widget-container\">\n\t\t\t\t\t\t\t<div class=\"elementor-icon-wrapper\">\n\t\t\t<div class=\"elementor-icon\">\n\t\t\t<i aria-hidden=\"true\" class=\"fas fa-home\"><\/i>\t\t\t<\/div>\n\t\t<\/div>\n\t\t\t\t\t\t<\/div>\n\t\t\t\t<\/div>\n\t\t\t\t<div class=\"elementor-element elementor-element-63d767d elementor-widget elementor-widget-counter\" data-id=\"63d767d\" data-element_type=\"widget\" data-e-type=\"widget\" data-widget_type=\"counter.default\">\n\t\t\t\t<div class=\"elementor-widget-container\">\n\t\t\t\t\t\t\t<div class=\"elementor-counter\">\n\t\t\t<div class=\"elementor-counter-title\">Progetti di copertura realizzati con Flexim<\/div>\t\t\t<div class=\"elementor-counter-number-wrapper\">\n\t\t\t\t<span class=\"elementor-counter-number-prefix\"><\/span>\n\t\t\t\t<span class=\"elementor-counter-number\" data-duration=\"2000\" data-to-value=\"4200000\" data-from-value=\"0\" data-delimiter=\".\">0<\/span>\n\t\t\t\t<span class=\"elementor-counter-number-suffix\"><\/span>\n\t\t\t<\/div>\n\t\t<\/div>\n\t\t\t\t\t\t<\/div>\n\t\t\t\t<\/div>\n\t\t\t\t<\/div>\n\t\t<div class=\"elementor-element elementor-element-3ed6dd9 e-con-full e-flex e-con e-parent\" data-id=\"3ed6dd9\" data-element_type=\"container\" data-e-type=\"container\" data-settings=\"{&quot;background_background&quot;:&quot;classic&quot;}\">\n\t\t\t\t<div class=\"elementor-element elementor-element-b27a2f6 elementor-view-default elementor-widget elementor-widget-icon\" data-id=\"b27a2f6\" data-element_type=\"widget\" data-e-type=\"widget\" data-widget_type=\"icon.default\">\n\t\t\t\t<div class=\"elementor-widget-container\">\n\t\t\t\t\t\t\t<div class=\"elementor-icon-wrapper\">\n\t\t\t<div class=\"elementor-icon\">\n\t\t\t<i aria-hidden=\"true\" class=\"fas fa-users\"><\/i>\t\t\t<\/div>\n\t\t<\/div>\n\t\t\t\t\t\t<\/div>\n\t\t\t\t<\/div>\n\t\t\t\t<div class=\"elementor-element elementor-element-4d78694 elementor-widget elementor-widget-counter\" data-id=\"4d78694\" data-element_type=\"widget\" data-e-type=\"widget\" data-widget_type=\"counter.default\">\n\t\t\t\t<div class=\"elementor-widget-container\">\n\t\t\t\t\t\t\t<div class=\"elementor-counter\">\n\t\t\t<div class=\"elementor-counter-title\">Anno Flexim<\/div>\t\t\t<div class=\"elementor-counter-number-wrapper\">\n\t\t\t\t<span class=\"elementor-counter-number-prefix\"><\/span>\n\t\t\t\t<span class=\"elementor-counter-number\" data-duration=\"2000\" data-to-value=\"38\" data-from-value=\"0\" data-delimiter=\".\">0<\/span>\n\t\t\t\t<span class=\"elementor-counter-number-suffix\"><\/span>\n\t\t\t<\/div>\n\t\t<\/div>\n\t\t\t\t\t\t<\/div>\n\t\t\t\t<\/div>\n\t\t\t\t<\/div>\n\t\t<div class=\"elementor-element elementor-element-3b4196c e-con-full e-flex e-con e-parent\" data-id=\"3b4196c\" data-element_type=\"container\" data-e-type=\"container\" data-settings=\"{&quot;background_background&quot;:&quot;classic&quot;}\">\n\t\t\t\t<div class=\"elementor-element elementor-element-6044b63 elementor-view-default elementor-widget elementor-widget-icon\" data-id=\"6044b63\" data-element_type=\"widget\" data-e-type=\"widget\" data-widget_type=\"icon.default\">\n\t\t\t\t<div class=\"elementor-widget-container\">\n\t\t\t\t\t\t\t<div class=\"elementor-icon-wrapper\">\n\t\t\t<div class=\"elementor-icon\">\n\t\t\t<i aria-hidden=\"true\" class=\"fas fa-map-marked-alt\"><\/i>\t\t\t<\/div>\n\t\t<\/div>\n\t\t\t\t\t\t<\/div>\n\t\t\t\t<\/div>\n\t\t\t\t<div class=\"elementor-element elementor-element-af03a04 elementor-widget elementor-widget-counter\" data-id=\"af03a04\" data-element_type=\"widget\" data-e-type=\"widget\" data-widget_type=\"counter.default\">\n\t\t\t\t<div class=\"elementor-widget-container\">\n\t\t\t\t\t\t\t<div class=\"elementor-counter\">\n\t\t\t<div class=\"elementor-counter-title\">Punti vendita in tutto il mondo<\/div>\t\t\t<div class=\"elementor-counter-number-wrapper\">\n\t\t\t\t<span class=\"elementor-counter-number-prefix\"><\/span>\n\t\t\t\t<span class=\"elementor-counter-number\" data-duration=\"2000\" data-to-value=\"1200\" data-from-value=\"0\" data-delimiter=\".\">0<\/span>\n\t\t\t\t<span class=\"elementor-counter-number-suffix\">+<\/span>\n\t\t\t<\/div>\n\t\t<\/div>\n\t\t\t\t\t\t<\/div>\n\t\t\t\t<\/div>\n\t\t\t\t<\/div>\n\t\t\t\t\t<\/div>\n\t\t\t\t<\/div>\n\t\t<div class=\"elementor-element elementor-element-e3853e7 e-flex e-con-boxed e-con e-parent\" data-id=\"e3853e7\" data-element_type=\"container\" data-e-type=\"container\" data-settings=\"{&quot;background_background&quot;:&quot;classic&quot;}\">\n\t\t\t\t\t<div class=\"e-con-inner\">\n\t\t\t\t<div class=\"elementor-element elementor-element-6c3be3b elementor-widget__width-initial elementor-widget-mobile__width-inherit elementor-widget elementor-widget-heading\" data-id=\"6c3be3b\" data-element_type=\"widget\" data-e-type=\"widget\" data-widget_type=\"heading.default\">\n\t\t\t\t<div class=\"elementor-widget-container\">\n\t\t\t\t\t<h2 class=\"elementor-heading-title elementor-size-default\">Servizio e\nsupporto <\/h2>\t\t\t\t<\/div>\n\t\t\t\t<\/div>\n\t\t\t\t<div class=\"elementor-element elementor-element-60f241d elementor-widget__width-initial elementor-widget-mobile__width-inherit elementor-widget elementor-widget-text-editor\" data-id=\"60f241d\" data-element_type=\"widget\" data-e-type=\"widget\" data-widget_type=\"text-editor.default\">\n\t\t\t\t<div class=\"elementor-widget-container\">\n\t\t\t\t\t\t\t\t\t<p>Dalla sua fondazione nel 1985, Flexim International BV ha trattato 33.000 tetti per vari clienti nei Paesi Bassi. Flexim International BV ha acquisito un patrimonio di conoscenze e ha sperimentato e dimostrato la qualit\u00e0 della malta per tetti Flexim nella pratica. Con questa esperienza possiamo servire in modo ottimale i nostri clienti, a livello nazionale e internazionale, quando si utilizza la malta per tetti Flexim.<\/p>\n\t\t\t\t\t\t\t\t<\/div>\n\t\t\t\t<\/div>\n\t\t\t\t\t<\/div>\n\t\t\t\t<\/div>\n\t\t\t\t<\/div>\n\t\t","protected":false},"excerpt":{"rendered":"<p>Flexim International BV Chi Siamo Il mondo dell&#8217;edilizia professionale lavora da anni con la malta per tetti Flexim. Dal 1985 Flexim \u00e8 il prodotto di qualit\u00e0 per manutenzioni, ristrutturazioni e nuove costruzioni! \u00c8 estremamente sostenibile e sviluppato da un punto di vista ecologico, con l&#8217;olio di lino &#8220;verde&#8221; vecchio stile come ingrediente principale. Nel 2022 [&hellip;]<\/p>\n","protected":false},"author":1,"featured_media":10379,"parent":0,"menu_order":0,"comment_status":"closed","ping_status":"closed","template":"elementor_header_footer","meta":{"footnotes":""},"class_list":["post-10928","page","type-page","status-publish","has-post-thumbnail","hentry"],"_links":{"self":[{"href":"https:\/\/flexim.eu\/it\/wp-json\/wp\/v2\/pages\/10928","targetHints":{"allow":["GET"]}}],"collection":[{"href":"https:\/\/flexim.eu\/it\/wp-json\/wp\/v2\/pages"}],"about":[{"href":"https:\/\/flexim.eu\/it\/wp-json\/wp\/v2\/types\/page"}],"author":[{"embeddable":true,"href":"https:\/\/flexim.eu\/it\/wp-json\/wp\/v2\/users\/1"}],"replies":[{"embeddable":true,"href":"https:\/\/flexim.eu\/it\/wp-json\/wp\/v2\/comments?post=10928"}],"version-history":[{"count":0,"href":"https:\/\/flexim.eu\/it\/wp-json\/wp\/v2\/pages\/10928\/revisions"}],"wp:featuredmedia":[{"embeddable":true,"href":"https:\/\/flexim.eu\/it\/wp-json\/wp\/v2\/media\/10379"}],"wp:attachment":[{"href":"https:\/\/flexim.eu\/it\/wp-json\/wp\/v2\/media?parent=10928"}],"curies":[{"name":"wp","href":"https:\/\/api.w.org\/{rel}","templated":true}]}}