{"id":11453,"date":"2023-03-10T15:56:23","date_gmt":"2023-03-10T14:56:23","guid":{"rendered":"https:\/\/flexim.eu\/politica-de-cookies\/"},"modified":"2023-05-25T15:33:13","modified_gmt":"2023-05-25T13:33:13","slug":"politica-de-cookies","status":"publish","type":"page","link":"https:\/\/flexim.eu\/pt-pt\/politica-de-cookies\/","title":{"rendered":"Pol\u00edtica de Cookies"},"content":{"rendered":"\t\t<div data-elementor-type=\"wp-page\" data-elementor-id=\"11453\" class=\"elementor elementor-11453 elementor-357\" data-elementor-post-type=\"page\">\n\t\t\t\t<div class=\"elementor-element elementor-element-aadb699 e-con-full e-flex e-con e-parent\" data-id=\"aadb699\" data-element_type=\"container\" data-e-type=\"container\" data-settings=\"{&quot;background_background&quot;:&quot;gradient&quot;}\">\n\t\t<div class=\"elementor-element elementor-element-a833782 e-con-full e-flex e-con e-parent\" data-id=\"a833782\" data-element_type=\"container\" data-e-type=\"container\" data-settings=\"{&quot;background_background&quot;:&quot;classic&quot;}\">\n\t\t\t\t<div class=\"elementor-element elementor-element-8a09e0b elementor-invisible elementor-widget elementor-widget-heading\" data-id=\"8a09e0b\" data-element_type=\"widget\" data-e-type=\"widget\" data-settings=\"{&quot;_animation&quot;:&quot;BlubfadeInRight&quot;}\" data-widget_type=\"heading.default\">\n\t\t\t\t<div class=\"elementor-widget-container\">\n\t\t\t\t\t<span class=\"elementor-heading-title elementor-size-default\">Flexim internacional Bv<\/span>\t\t\t\t<\/div>\n\t\t\t\t<\/div>\n\t\t\t\t<div class=\"elementor-element elementor-element-38be330 elementor-invisible elementor-widget elementor-widget-heading\" data-id=\"38be330\" data-element_type=\"widget\" data-e-type=\"widget\" data-settings=\"{&quot;_animation&quot;:&quot;BlubfadeInRight&quot;}\" data-widget_type=\"heading.default\">\n\t\t\t\t<div class=\"elementor-widget-container\">\n\t\t\t\t\t<h1 class=\"elementor-heading-title elementor-size-default\">Pol\u00edtica de Cookies<\/h1>\t\t\t\t<\/div>\n\t\t\t\t<\/div>\n\t\t\t\t<\/div>\n\t\t<div class=\"elementor-element elementor-element-743384e e-con-full e-flex e-con e-parent\" data-id=\"743384e\" data-element_type=\"container\" data-e-type=\"container\" data-settings=\"{&quot;background_background&quot;:&quot;classic&quot;}\">\n\t\t\t\t<div class=\"elementor-element elementor-element-86504ab elementor-widget elementor-widget-spacer\" data-id=\"86504ab\" data-element_type=\"widget\" data-e-type=\"widget\" data-widget_type=\"spacer.default\">\n\t\t\t\t<div class=\"elementor-widget-container\">\n\t\t\t\t\t\t\t<div class=\"elementor-spacer\">\n\t\t\t<div class=\"elementor-spacer-inner\"><\/div>\n\t\t<\/div>\n\t\t\t\t\t\t<\/div>\n\t\t\t\t<\/div>\n\t\t\t\t<\/div>\n\t\t\t\t<\/div>\n\t\t<div class=\"elementor-element elementor-element-abd4d30 e-flex e-con-boxed e-con e-parent\" data-id=\"abd4d30\" data-element_type=\"container\" data-e-type=\"container\" data-settings=\"{&quot;background_background&quot;:&quot;classic&quot;}\">\n\t\t\t\t\t<div class=\"e-con-inner\">\n\t\t\t\t<div class=\"elementor-element elementor-element-3b825d9 elementor-widget elementor-widget-text-editor\" data-id=\"3b825d9\" data-element_type=\"widget\" data-e-type=\"widget\" data-widget_type=\"text-editor.default\">\n\t\t\t\t<div class=\"elementor-widget-container\">\n\t\t\t\t\t\t\t\t\t<p>Para garantir que o nosso site funciona corretamente, usamos cookies e t\u00e9cnicas semelhantes. Por exemplo, utilizamos cookies para analisar visitas, para lhe mostrar os melhores resultados de pesquisa e para lhe oferecer an\u00fancios personalizados.<\/p>\n<p><strong>O que s\u00e3o cookies?<\/strong><\/p>\n<p>Um cookie pode ser visto como um pequeno ficheiro de texto que \u00e9 colocado no seu computador. Usamos isso para fazer o nosso site funcionar corretamente, para melhor\u00e1-lo e dar-lhe a melhor experi\u00eancia! Tamb\u00e9m podemos partilhar o seu comportamento de navega\u00e7\u00e3o atrav\u00e9s de cookies com outras partes, a fim de poder mostrar-lhe an\u00fancios relevantes. Distinguimos entre tr\u00eas cookies diferentes: cookies necess\u00e1rios, cookies de desempenho e cookies de marketing.<\/p>\n<p><strong>Cookies necess\u00e1rios<\/strong><\/p>\n<p>Estes cookies s\u00e3o necess\u00e1rios para que o site funcione corretamente tecnicamente. Por exemplo, eles garantem que podemos mostrar as informa\u00e7\u00f5es certas de forma r\u00e1pida e correta. Portanto, voc\u00ea n\u00e3o pode desativar esses cookies. Como os cookies necess\u00e1rios t\u00eam pouco impacto na privacidade dos visitantes, n\u00e3o precisamos de permiss\u00e3o aqui.<\/p>\n<p><strong>Que cookies necess\u00e1rios colocamos?<\/strong><\/p>\n<p><strong>Cookies do Antisspam da Cleantalk<\/strong><\/p>\n<p>Usamos os servi\u00e7os do Cleantalk para parar e prevenir spam. A Cleantalk coloca cookies no nosso site para este fim. Os dados recolhidos com os cookies s\u00e3o utilizados apenas no processo de preven\u00e7\u00e3o e combate ao spam. Temos um acordo de processador com a Cleantalk, para que eles cumpram com os regulamentos europeus no campo do processamento de dados.<\/p>\n<p>N\u00e3o precisamos de permiss\u00e3o para esses cookies. Sem a utiliza\u00e7\u00e3o de cookies, podem surgir problemas no que diz respeito \u00e0 nossa prote\u00e7\u00e3o contra spam.<\/p>\n<p><strong>A informa\u00e7\u00e3o \u00e9 transmitida?<\/strong><\/p>\n<p>Sim, para Cleantalk. O seu nome, endere\u00e7o de e-mail e o conte\u00fado da sua mensagem s\u00e3o recolhidos pela Cleantalk e imediatamente tornados invis\u00edveis, a menos que se trate de dados de pessoas ou organiza\u00e7\u00f5es que enviam spam.<\/p>\n<p>Ver a <a href=\"https:\/\/cleantalk.org\/publicoffer#privacy\" target=\"_blank\" rel=\"noopener\">pol\u00edtica de privacidade da Cleantalk<\/a><\/p>\n<p><strong>Cookies do GDPR Conformidade com cookies<\/strong><\/p>\n<p>Utilizamos o plugin GDPR Cookie Compliance para a nossa barra de cookies. Quando este cookie est\u00e1 ativado, estes cookies s\u00e3o utilizados para armazenar as suas prefer\u00eancias de defini\u00e7\u00f5es de cookies. N\u00e3o precisamos de permiss\u00e3o para esses cookies.<\/p>\n<p><strong>A informa\u00e7\u00e3o \u00e9 transmitida?<\/strong><\/p>\n<p>N\u00e3o, esta informa\u00e7\u00e3o n\u00e3o \u00e9 transmitida. As informa\u00e7\u00f5es aplicam-se apenas \u00e0s configura\u00e7\u00f5es.<\/p>\n<p><strong>Cookies de desempenho<\/strong><\/p>\n<p>Usamos cookies de desempenho para analisar como nosso site \u00e9 usado, por exemplo, para ver quais p\u00e1ginas s\u00e3o mais visitadas. Estes s\u00e3o amigos da privacidade, para isso celebr\u00e1mos um acordo de processamento com a Google. A \u00faltima parte do seu endere\u00e7o IP est\u00e1 mascarada e a &#8220;partilha de dados&#8221; est\u00e1 desativada. N\u00e3o utilizamos outros servi\u00e7os Google para colocar cookies de desempenho. Como resultado, os cookies t\u00eam pouco ou nenhum impacto na privacidade dos visitantes do site. Assim como para os cookies necess\u00e1rios, voc\u00ea n\u00e3o precisa dar permiss\u00e3o para isso.<\/p>\n<p><strong>Que cookies de desempenho colocamos?<\/strong><\/p>\n<p><strong>Google Analytics<\/strong><\/p>\n<p>Usamos isso para analisar o site com estat\u00edsticas. Por exemplo, temos informa\u00e7\u00f5es sobre o n\u00famero de visitantes \u00fanicos, sess\u00f5es, as p\u00e1ginas mais visitadas e dados da campanha. Este script d\u00e1 ao seu dispositivo um n\u00famero de identifica\u00e7\u00e3o (ID) gerado aleatoriamente. O ID \u00e9 usado com cada hit e enviado ao Google para calcular as estat\u00edsticas nos servidores do Google.<\/p>\n<p>Pedimos permiss\u00e3o para estes cookies.<\/p>\n<p><strong>A informa\u00e7\u00e3o \u00e9 transmitida?<\/strong><\/p>\n<p>Sim, o ID \u00e9 transmitido \u00e0 Google, mas n\u00e3o \u00e9 utilizado pela Google para os seus pr\u00f3prios fins. O ID n\u00e3o est\u00e1 vinculado a outros dados que eles t\u00eam sobre voc\u00ea.<\/p>\n<p>Consulte a <a href=\"https:\/\/policies.google.com\/privacy?hl=nl\" target=\"_blank\" rel=\"noopener\">Declara\u00e7\u00e3o de Privacidade do Google Analytics.<\/a><\/p>\n<p><strong>Cookies de marketing<\/strong><\/p>\n<p>Gra\u00e7as a estes cookies, podemos proporcionar-lhe a melhor experi\u00eancia de visita! Os cookies de marketing permitem-nos adaptar o site exatamente \u00e0s suas necessidades. Podemos rastrear seu comportamento de navega\u00e7\u00e3o em nosso site para que n\u00f3s e terceiros possamos mostrar conte\u00fado e an\u00fancios personalizados. Tamb\u00e9m podemos usar esses cookies para realizar testes A\/B para otimizar o site. Sem estes cookies, certas partes do site podem n\u00e3o funcionar corretamente. Para colocar estes cookies, pedimos a sua permiss\u00e3o.<\/p>\n<p><strong>Que cookies de marketing colocamos?<\/strong><\/p>\n<p>Neste momento n\u00e3o utilizamos cookies de Marketing<\/p>\n<p><strong>\u00c9 poss\u00edvel desativar os cookies?<\/strong><\/p>\n<p>Pode desativar os cookies ou apag\u00e1-los do seu dispositivo. A forma como pode faz\u00ea-lo difere consoante o navegador de Internet e o dispositivo. Se optar por eliminar os cookies, o website poder\u00e1 deixar de funcionar da melhor forma e poder\u00e1 n\u00e3o conseguir utilizar alguns servi\u00e7os.<\/p>\n<p><strong>A pol\u00edtica de cookies pode ser ajustada?<\/strong><\/p>\n<p>A pol\u00edtica de cookies pode ser ajustada entretanto para anunciar altera\u00e7\u00f5es. Os textos podem ser ajustados a qualquer momento. Por conseguinte, aconselhamo-lo a consultar esta declara\u00e7\u00e3o de cookies regularmente, para que esteja ciente da forma como lidamos com os cookies.<\/p>\n<p><strong>Cookies imprevistos<\/strong><\/p>\n<p>Fazemos o nosso melhor para ser o mais transparentes poss\u00edvel sobre os cookies que colocamos. No entanto, \u00e9 poss\u00edvel que os cookies sejam colocados atrav\u00e9s do site do qual nem sempre temos conhecimento.<\/p>\n<p>Encontra cookies imprevistos neste website que n\u00e3o consegue encontrar no pop-up ou nesta declara\u00e7\u00e3o? Deixe-nos saber!<\/p>\n\t\t\t\t\t\t\t\t<\/div>\n\t\t\t\t<\/div>\n\t\t\t\t\t<\/div>\n\t\t\t\t<\/div>\n\t\t\t\t<\/div>\n\t\t","protected":false},"excerpt":{"rendered":"<p>Flexim internacional Bv Pol\u00edtica de Cookies Para garantir que o nosso site funciona corretamente, usamos cookies e t\u00e9cnicas semelhantes. Por exemplo, utilizamos cookies para analisar visitas, para lhe mostrar os melhores resultados de pesquisa e para lhe oferecer an\u00fancios personalizados. O que s\u00e3o cookies? Um cookie pode ser visto como um pequeno ficheiro de texto [&hellip;]<\/p>\n","protected":false},"author":1,"featured_media":0,"parent":0,"menu_order":0,"comment_status":"closed","ping_status":"closed","template":"elementor_header_footer","meta":{"footnotes":""},"class_list":["post-11453","page","type-page","status-publish","hentry"],"_links":{"self":[{"href":"https:\/\/flexim.eu\/pt-pt\/wp-json\/wp\/v2\/pages\/11453","targetHints":{"allow":["GET"]}}],"collection":[{"href":"https:\/\/flexim.eu\/pt-pt\/wp-json\/wp\/v2\/pages"}],"about":[{"href":"https:\/\/flexim.eu\/pt-pt\/wp-json\/wp\/v2\/types\/page"}],"author":[{"embeddable":true,"href":"https:\/\/flexim.eu\/pt-pt\/wp-json\/wp\/v2\/users\/1"}],"replies":[{"embeddable":true,"href":"https:\/\/flexim.eu\/pt-pt\/wp-json\/wp\/v2\/comments?post=11453"}],"version-history":[{"count":0,"href":"https:\/\/flexim.eu\/pt-pt\/wp-json\/wp\/v2\/pages\/11453\/revisions"}],"wp:attachment":[{"href":"https:\/\/flexim.eu\/pt-pt\/wp-json\/wp\/v2\/media?parent=11453"}],"curies":[{"name":"wp","href":"https:\/\/api.w.org\/{rel}","templated":true}]}}