{"id":10710,"date":"2023-03-10T14:21:52","date_gmt":"2023-03-10T13:21:52","guid":{"rendered":"https:\/\/flexim.eu\/product\/espatula\/"},"modified":"2023-04-03T16:22:20","modified_gmt":"2023-04-03T14:22:20","slug":"espatula","status":"publish","type":"product","link":"https:\/\/flexim.eu\/pt-pt\/product\/espatula\/","title":{"rendered":"Esp\u00e1tula"},"content":{"rendered":"","protected":false},"excerpt":{"rendered":"<p><strong>\u20ac 1,90 incl. IVA<\/strong><\/p>\n<p>Uma esp\u00e1tula agrad\u00e1vel que funciona muito bem para trabalhos r\u00e1pidos e pequenos no telhado!<\/p>\n<p>Esta esp\u00e1tula tem um tampo em a\u00e7o inoxid\u00e1vel e um cabo de madeira. Ele se encaixa bem na m\u00e3o e garante um acabamento limpo do produto. O acabamento \u00e9 importante para uma boa fixa\u00e7\u00e3o do Flexim \u00e0 telha<\/p>\n","protected":false},"featured_media":10401,"comment_status":"closed","ping_status":"closed","template":"","meta":[],"product_brand":[],"product_cat":[116],"product_tag":[],"class_list":{"0":"post-10710","1":"product","2":"type-product","3":"status-publish","4":"has-post-thumbnail","6":"product_cat-sem-categoria","8":"first","9":"instock","10":"taxable","11":"shipping-taxable","12":"purchasable","13":"product-type-simple"},"_links":{"self":[{"href":"https:\/\/flexim.eu\/pt-pt\/wp-json\/wp\/v2\/product\/10710","targetHints":{"allow":["GET"]}}],"collection":[{"href":"https:\/\/flexim.eu\/pt-pt\/wp-json\/wp\/v2\/product"}],"about":[{"href":"https:\/\/flexim.eu\/pt-pt\/wp-json\/wp\/v2\/types\/product"}],"replies":[{"embeddable":true,"href":"https:\/\/flexim.eu\/pt-pt\/wp-json\/wp\/v2\/comments?post=10710"}],"wp:featuredmedia":[{"embeddable":true,"href":"https:\/\/flexim.eu\/pt-pt\/wp-json\/wp\/v2\/media\/10401"}],"wp:attachment":[{"href":"https:\/\/flexim.eu\/pt-pt\/wp-json\/wp\/v2\/media?parent=10710"}],"wp:term":[{"taxonomy":"product_brand","embeddable":true,"href":"https:\/\/flexim.eu\/pt-pt\/wp-json\/wp\/v2\/product_brand?post=10710"},{"taxonomy":"product_cat","embeddable":true,"href":"https:\/\/flexim.eu\/pt-pt\/wp-json\/wp\/v2\/product_cat?post=10710"},{"taxonomy":"product_tag","embeddable":true,"href":"https:\/\/flexim.eu\/pt-pt\/wp-json\/wp\/v2\/product_tag?post=10710"}],"curies":[{"name":"wp","href":"https:\/\/api.w.org\/{rel}","templated":true}]}}